{"id":6672,"date":"2019-02-04T13:10:25","date_gmt":"2019-02-04T13:10:25","guid":{"rendered":"https:\/\/malikasurfcamp.com\/?page_id=6672"},"modified":"2025-08-11T14:15:36","modified_gmt":"2025-08-11T14:15:36","slug":"reservez-votre-sejour-vous-pouvez-arriver-le-jour-que-vous-voulez","status":"publish","type":"page","link":"https:\/\/malikasurfcamp.com\/fr\/reservez-votre-sejour-vous-pouvez-arriver-le-jour-que-vous-voulez\/","title":{"rendered":"R\u00e9servez votre s\u00e9jour"},"content":{"rendered":"\t\t<div data-elementor-type=\"wp-post\" data-elementor-id=\"6672\" class=\"elementor elementor-6672\" data-elementor-post-type=\"page\">\n\t\t\t\t\t\t<section class=\"elementor-section elementor-top-section elementor-element elementor-element-c7980b3 elementor-section-boxed elementor-section-height-default elementor-section-height-default\" data-id=\"c7980b3\" data-element_type=\"section\">\n\t\t\t\t\t\t<div class=\"elementor-container elementor-column-gap-extended\">\n\t\t\t\t\t<div class=\"elementor-column elementor-col-100 elementor-top-column elementor-element elementor-element-45fed0b sc_inner_width_none sc_layouts_column_icons_position_left\" data-id=\"45fed0b\" data-element_type=\"column\">\n\t\t\t<div class=\"elementor-widget-wrap elementor-element-populated\">\n\t\t\t\t\t\t<div class=\"elementor-element elementor-element-abadf62 sc_fly_static elementor-widget elementor-widget-spacer\" data-id=\"abadf62\" data-element_type=\"widget\" data-widget_type=\"spacer.default\">\n\t\t\t\t<div class=\"elementor-widget-container\">\n\t\t\t\t\t<div class=\"elementor-spacer\">\n\t\t\t<div class=\"elementor-spacer-inner\"><\/div>\n\t\t<\/div>\n\t\t\t\t<\/div>\n\t\t\t\t<\/div>\n\t\t\t\t<div class=\"elementor-element elementor-element-cda95f6 sc_fly_static elementor-widget elementor-widget-text-editor\" data-id=\"cda95f6\" data-element_type=\"widget\" data-widget_type=\"text-editor.default\">\n\t\t\t\t<div class=\"elementor-widget-container\">\n\t\t\t\t\t\t\t<ul><li>Vous pouvez arriver le jour que vous voulez, m\u00eame tard dans la nuit; nous avons de nouveaux programmes tous les jours.<\/li><li>Vous pouvez rester aussi longtemps que vous le souhaitez, plus ou moins qu&#8217;une semaine. Nous appliquons des prix sp\u00e9ciaux pour un s\u00e9jour plus long.<\/li><li>Nous avons appartements \u00e9quip\u00e9s si vous voulez plus d&#8217;intimit\u00e9 et vous souhaitez g\u00e9rer votre propre nourriture. \u00a0<\/li><li>Les gens qui ne sont pas dans le camp peuvent venir d\u00eener sous un prix.<\/li><li>Nous avons des chiens et des chats, donc soyez s\u00fbr des allergies des animaux.<\/li><\/ul>\t\t\t\t\t\t<\/div>\n\t\t\t\t<\/div>\n\t\t\t\t<div class=\"elementor-element elementor-element-ef467b8 sc_fly_static elementor-widget elementor-widget-spacer\" data-id=\"ef467b8\" data-element_type=\"widget\" data-widget_type=\"spacer.default\">\n\t\t\t\t<div class=\"elementor-widget-container\">\n\t\t\t\t\t<div class=\"elementor-spacer\">\n\t\t\t<div class=\"elementor-spacer-inner\"><\/div>\n\t\t<\/div>\n\t\t\t\t<\/div>\n\t\t\t\t<\/div>\n\t\t\t\t<div class=\"elementor-element elementor-element-91946e3 sc_fly_static elementor-widget elementor-widget-text-editor\" data-id=\"91946e3\" data-element_type=\"widget\" data-widget_type=\"text-editor.default\">\n\t\t\t\t<div class=\"elementor-widget-container\">\n\t\t\t\t\t\t\t<p><strong>N&#8217;h\u00e9sitez pas \u00e0 nous contacter de la mani\u00e8re la plus simple pour vous:<\/strong><\/p><p>\u00a0<span class=\"icon-mail\">\u00a0 par mail: <\/span>malika.surf@gmail.com<\/p><p><span class=\"icon-comment\">\u00a0 par whatsapp: Marta +221.781149733 \/ Aziz +221.772991297<\/span><\/p><p><span class=\"icon-menu-2\">\u00a0 avec ce formulaire<\/span><\/p>\t\t\t\t\t\t<\/div>\n\t\t\t\t<\/div>\n\t\t\t\t\t<\/div>\n\t\t<\/div>\n\t\t\t\t\t<\/div>\n\t\t<\/section>\n\t\t\t\t<section class=\"elementor-section elementor-top-section elementor-element elementor-element-3156eee elementor-section-boxed elementor-section-height-default elementor-section-height-default\" data-id=\"3156eee\" data-element_type=\"section\">\n\t\t\t\t\t\t<div class=\"elementor-container elementor-column-gap-extended\">\n\t\t\t\t\t<div class=\"elementor-column elementor-col-100 elementor-top-column elementor-element elementor-element-6421db0 sc_inner_width_none sc_layouts_column_icons_position_left\" data-id=\"6421db0\" data-element_type=\"column\">\n\t\t\t<div class=\"elementor-widget-wrap elementor-element-populated\">\n\t\t\t\t\t\t<div class=\"elementor-element elementor-element-cb60533 sc_fly_static elementor-widget elementor-widget-text-editor\" data-id=\"cb60533\" data-element_type=\"widget\" data-widget_type=\"text-editor.default\">\n\t\t\t\t<div class=\"elementor-widget-container\">\n\t\t\t\t\t\t\t<div class=\"sc-a91a8653-5 dyoNgK\" data-pinnedconversationturnid=\"f2f1593e-03df-453b-b8cc-dc2b1efc2b2e\" data-testid=\"youchat-answer-turn-39\">\n<div class=\"AnswerParser_AnswerParserSharedStyles__0GZUj\"><em><span class=\"AnswerParser_TextContainer__z_Iiv\" data-testid=\"youchat-text\">Veuillez ajouter vos dates de voyage dans votre message.<\/span><\/em><\/div><\/div>\t\t\t\t\t\t<\/div>\n\t\t\t\t<\/div>\n\t\t\t\t\t<\/div>\n\t\t<\/div>\n\t\t\t\t\t<\/div>\n\t\t<\/section>\n\t\t\t\t<section class=\"elementor-section elementor-top-section elementor-element elementor-element-999bb98 elementor-section-boxed elementor-section-height-default elementor-section-height-default\" data-id=\"999bb98\" data-element_type=\"section\">\n\t\t\t\t\t\t<div class=\"elementor-container elementor-column-gap-extended\">\n\t\t\t\t\t<div class=\"elementor-column elementor-col-100 elementor-top-column elementor-element elementor-element-8bcd9c8 sc_inner_width_none sc_layouts_column_icons_position_left\" data-id=\"8bcd9c8\" data-element_type=\"column\">\n\t\t\t<div class=\"elementor-widget-wrap elementor-element-populated\">\n\t\t\t\t\t\t<div class=\"elementor-element elementor-element-eca9fcd sc_fly_static elementor-widget elementor-widget-shortcode\" data-id=\"eca9fcd\" data-element_type=\"widget\" data-widget_type=\"shortcode.default\">\n\t\t\t\t<div class=\"elementor-widget-container\">\n\t\t\t\t\t<div class=\"elementor-shortcode\">\n<div class=\"wpcf7 no-js\" id=\"wpcf7-f6-o1\" lang=\"en-US\" dir=\"ltr\" data-wpcf7-id=\"6\">\n<div class=\"screen-reader-response\"><p role=\"status\" aria-live=\"polite\" aria-atomic=\"true\"><\/p> <ul><\/ul><\/div>\n<form action=\"\/fr\/wp-json\/wp\/v2\/pages\/6672#wpcf7-f6-o1\" method=\"post\" class=\"wpcf7-form init\" aria-label=\"Contact form\" novalidate=\"novalidate\" data-status=\"init\">\n<fieldset class=\"hidden-fields-container\"><input type=\"hidden\" name=\"_wpcf7\" value=\"6\" \/><input type=\"hidden\" name=\"_wpcf7_version\" value=\"6.1.2\" \/><input type=\"hidden\" name=\"_wpcf7_locale\" value=\"en_US\" \/><input type=\"hidden\" name=\"_wpcf7_unit_tag\" value=\"wpcf7-f6-o1\" \/><input type=\"hidden\" name=\"_wpcf7_container_post\" value=\"0\" \/><input type=\"hidden\" name=\"_wpcf7_posted_data_hash\" value=\"\" \/>\n<\/fieldset>\n<div class=\"elementor-column-gap-extended\">\n\t<div class=\"elementor-row\">\n\t\t<div class=\"elementor-column elementor-col-50\">\n\t\t\t<div class=\"elementor-column-wrap elementor-element-populated\">\n\t\t\t\t<p><span class=\"wpcf7-form-control-wrap\" data-name=\"your-name\"><input size=\"40\" maxlength=\"400\" class=\"wpcf7-form-control wpcf7-text wpcf7-validates-as-required\" aria-required=\"true\" aria-invalid=\"false\" placeholder=\"Enter Name*\" value=\"\" type=\"text\" name=\"your-name\" \/><\/span>\n\t\t\t\t<\/p>\n\t\t\t<\/div>\n\t\t<\/div>\n\t\t<div class=\"elementor-column elementor-col-50\">\n\t\t\t<div class=\"elementor-column-wrap elementor-element-populated\">\n\t\t\t\t<p><span class=\"wpcf7-form-control-wrap\" data-name=\"your-email\"><input size=\"40\" maxlength=\"400\" class=\"wpcf7-form-control wpcf7-email wpcf7-validates-as-required wpcf7-text wpcf7-validates-as-email\" aria-required=\"true\" aria-invalid=\"false\" placeholder=\"Enter Email*\" value=\"\" type=\"email\" name=\"your-email\" \/><\/span>\n\t\t\t\t<\/p>\n\t\t\t<\/div>\n\t\t<\/div>\n\t<\/div>\n<\/div>\n<div class=\"elementor-column-gap-extended\">\n\t<div class=\"elementor-row\">\n\t\t<div class=\"elementor-column elementor-col-100\">\n\t\t\t<div class=\"elementor-column-wrap elementor-element-populated\">\n\t\t\t\t<p><span class=\"wpcf7-form-control-wrap\" data-name=\"your-message\"><textarea cols=\"40\" rows=\"10\" maxlength=\"2000\" class=\"wpcf7-form-control wpcf7-textarea\" aria-invalid=\"false\" placeholder=\"Enter Message\" name=\"your-message\"><\/textarea><\/span>\n\t\t\t\t<\/p>\n\t\t\t<\/div>\n\t\t<\/div>\n\t<\/div>\n<\/div>\n<div class=\"text\">\n\t<p><span class=\"wpcf7-form-control-wrap\" data-name=\"acceptance-486\"><span class=\"wpcf7-form-control wpcf7-acceptance\"><span class=\"wpcf7-list-item\"><label><input type=\"checkbox\" name=\"acceptance-486\" value=\"1\" aria-invalid=\"false\" \/><span class=\"wpcf7-list-item-label\">I agree that my submitted data is being collected and stored.<\/span><\/label><\/span><\/span><\/span>\n\t<\/p>\n<\/div>\n<div class=\"text\">\n\t<p><input class=\"wpcf7-form-control wpcf7-submit has-spinner\" type=\"submit\" value=\"submit\" \/>\n\t<\/p>\n<\/div><div class=\"wpcf7-response-output\" aria-hidden=\"true\"><\/div>\n<\/form>\n<\/div>\n<\/div>\n\t\t\t\t<\/div>\n\t\t\t\t<\/div>\n\t\t\t\t\t<\/div>\n\t\t<\/div>\n\t\t\t\t\t<\/div>\n\t\t<\/section>\n\t\t\t\t<section class=\"elementor-section elementor-top-section elementor-element elementor-element-b078cfa elementor-section-boxed elementor-section-height-default elementor-section-height-default\" data-id=\"b078cfa\" data-element_type=\"section\">\n\t\t\t\t\t\t<div class=\"elementor-container elementor-column-gap-extended\">\n\t\t\t\t\t<div class=\"elementor-column elementor-col-100 elementor-top-column elementor-element elementor-element-4871f46 sc_inner_width_none sc_layouts_column_icons_position_left\" data-id=\"4871f46\" data-element_type=\"column\">\n\t\t\t<div class=\"elementor-widget-wrap\">\n\t\t\t\t\t\t\t<\/div>\n\t\t<\/div>\n\t\t\t\t\t<\/div>\n\t\t<\/section>\n\t\t\t\t<\/div>\n\t\t","protected":false},"excerpt":{"rendered":"<p>Vous pouvez arriver le jour que vous voulez, m\u00eame tard dans la&hellip;<\/p>\n","protected":false},"author":2,"featured_media":0,"parent":0,"menu_order":0,"comment_status":"closed","ping_status":"closed","template":"","meta":{"footnotes":""},"class_list":["post-6672","page","type-page","status-publish","hentry"],"yoast_head":"<!-- This site is optimized with the Yoast SEO plugin v26.7 - https:\/\/yoast.com\/wordpress\/plugins\/seo\/ -->\n<title>R\u00e9servez votre s\u00e9jour - Malika<\/title>\n<meta name=\"robots\" content=\"index, follow, max-snippet:-1, max-image-preview:large, max-video-preview:-1\" \/>\n<link rel=\"canonical\" href=\"https:\/\/malikasurfcamp.com\/book-surf-camp-dakar\/\" \/>\n<meta property=\"og:locale\" content=\"fr_FR\" \/>\n<meta property=\"og:type\" content=\"article\" \/>\n<meta property=\"og:title\" content=\"R\u00e9servez votre s\u00e9jour - Malika\" \/>\n<meta property=\"og:description\" content=\"Vous pouvez arriver le jour que vous voulez, m\u00eame tard dans la&hellip;\" \/>\n<meta property=\"og:url\" content=\"https:\/\/malikasurfcamp.com\/book-surf-camp-dakar\/\" \/>\n<meta property=\"og:site_name\" content=\"Malika\" \/>\n<meta property=\"article:modified_time\" content=\"2025-08-11T14:15:36+00:00\" \/>\n<meta name=\"twitter:card\" content=\"summary_large_image\" \/>\n<meta name=\"twitter:label1\" content=\"Dur\u00e9e de lecture estim\u00e9e\" \/>\n\t<meta name=\"twitter:data1\" content=\"1 minute\" \/>\n<script type=\"application\/ld+json\" class=\"yoast-schema-graph\">{\"@context\":\"https:\/\/schema.org\",\"@graph\":[{\"@type\":\"WebPage\",\"@id\":\"https:\/\/malikasurfcamp.com\/book-surf-camp-dakar\/\",\"url\":\"https:\/\/malikasurfcamp.com\/book-surf-camp-dakar\/\",\"name\":\"R\u00e9servez votre s\u00e9jour - Malika\",\"isPartOf\":{\"@id\":\"https:\/\/malikasurfcamp.com\/#website\"},\"datePublished\":\"2019-02-04T13:10:25+00:00\",\"dateModified\":\"2025-08-11T14:15:36+00:00\",\"breadcrumb\":{\"@id\":\"https:\/\/malikasurfcamp.com\/book-surf-camp-dakar\/#breadcrumb\"},\"inLanguage\":\"fr-FR\",\"potentialAction\":[{\"@type\":\"ReadAction\",\"target\":[\"https:\/\/malikasurfcamp.com\/book-surf-camp-dakar\/\"]}]},{\"@type\":\"BreadcrumbList\",\"@id\":\"https:\/\/malikasurfcamp.com\/book-surf-camp-dakar\/#breadcrumb\",\"itemListElement\":[{\"@type\":\"ListItem\",\"position\":1,\"name\":\"Home\",\"item\":\"https:\/\/malikasurfcamp.com\/fr\/\"},{\"@type\":\"ListItem\",\"position\":2,\"name\":\"R\u00e9servez votre s\u00e9jour\"}]},{\"@type\":\"WebSite\",\"@id\":\"https:\/\/malikasurfcamp.com\/#website\",\"url\":\"https:\/\/malikasurfcamp.com\/\",\"name\":\"Malika\",\"description\":\"Surf Camp Dakar\",\"publisher\":{\"@id\":\"https:\/\/malikasurfcamp.com\/#organization\"},\"potentialAction\":[{\"@type\":\"SearchAction\",\"target\":{\"@type\":\"EntryPoint\",\"urlTemplate\":\"https:\/\/malikasurfcamp.com\/?s={search_term_string}\"},\"query-input\":{\"@type\":\"PropertyValueSpecification\",\"valueRequired\":true,\"valueName\":\"search_term_string\"}}],\"inLanguage\":\"fr-FR\"},{\"@type\":\"Organization\",\"@id\":\"https:\/\/malikasurfcamp.com\/#organization\",\"name\":\"Malika\",\"url\":\"https:\/\/malikasurfcamp.com\/\",\"logo\":{\"@type\":\"ImageObject\",\"inLanguage\":\"fr-FR\",\"@id\":\"https:\/\/malikasurfcamp.com\/#\/schema\/logo\/image\/\",\"url\":\"https:\/\/malikasurfcamp.com\/wp-content\/uploads\/2022\/07\/logo-piccolino.jpg\",\"contentUrl\":\"https:\/\/malikasurfcamp.com\/wp-content\/uploads\/2022\/07\/logo-piccolino.jpg\",\"width\":132,\"height\":126,\"caption\":\"Malika\"},\"image\":{\"@id\":\"https:\/\/malikasurfcamp.com\/#\/schema\/logo\/image\/\"}}]}<\/script>\n<!-- \/ Yoast SEO plugin. -->","yoast_head_json":{"title":"R\u00e9servez votre s\u00e9jour - Malika","robots":{"index":"index","follow":"follow","max-snippet":"max-snippet:-1","max-image-preview":"max-image-preview:large","max-video-preview":"max-video-preview:-1"},"canonical":"https:\/\/malikasurfcamp.com\/book-surf-camp-dakar\/","og_locale":"fr_FR","og_type":"article","og_title":"R\u00e9servez votre s\u00e9jour - Malika","og_description":"Vous pouvez arriver le jour que vous voulez, m\u00eame tard dans la&hellip;","og_url":"https:\/\/malikasurfcamp.com\/book-surf-camp-dakar\/","og_site_name":"Malika","article_modified_time":"2025-08-11T14:15:36+00:00","twitter_card":"summary_large_image","twitter_misc":{"Dur\u00e9e de lecture estim\u00e9e":"1 minute"},"schema":{"@context":"https:\/\/schema.org","@graph":[{"@type":"WebPage","@id":"https:\/\/malikasurfcamp.com\/book-surf-camp-dakar\/","url":"https:\/\/malikasurfcamp.com\/book-surf-camp-dakar\/","name":"R\u00e9servez votre s\u00e9jour - Malika","isPartOf":{"@id":"https:\/\/malikasurfcamp.com\/#website"},"datePublished":"2019-02-04T13:10:25+00:00","dateModified":"2025-08-11T14:15:36+00:00","breadcrumb":{"@id":"https:\/\/malikasurfcamp.com\/book-surf-camp-dakar\/#breadcrumb"},"inLanguage":"fr-FR","potentialAction":[{"@type":"ReadAction","target":["https:\/\/malikasurfcamp.com\/book-surf-camp-dakar\/"]}]},{"@type":"BreadcrumbList","@id":"https:\/\/malikasurfcamp.com\/book-surf-camp-dakar\/#breadcrumb","itemListElement":[{"@type":"ListItem","position":1,"name":"Home","item":"https:\/\/malikasurfcamp.com\/fr\/"},{"@type":"ListItem","position":2,"name":"R\u00e9servez votre s\u00e9jour"}]},{"@type":"WebSite","@id":"https:\/\/malikasurfcamp.com\/#website","url":"https:\/\/malikasurfcamp.com\/","name":"Malika","description":"Surf Camp Dakar","publisher":{"@id":"https:\/\/malikasurfcamp.com\/#organization"},"potentialAction":[{"@type":"SearchAction","target":{"@type":"EntryPoint","urlTemplate":"https:\/\/malikasurfcamp.com\/?s={search_term_string}"},"query-input":{"@type":"PropertyValueSpecification","valueRequired":true,"valueName":"search_term_string"}}],"inLanguage":"fr-FR"},{"@type":"Organization","@id":"https:\/\/malikasurfcamp.com\/#organization","name":"Malika","url":"https:\/\/malikasurfcamp.com\/","logo":{"@type":"ImageObject","inLanguage":"fr-FR","@id":"https:\/\/malikasurfcamp.com\/#\/schema\/logo\/image\/","url":"https:\/\/malikasurfcamp.com\/wp-content\/uploads\/2022\/07\/logo-piccolino.jpg","contentUrl":"https:\/\/malikasurfcamp.com\/wp-content\/uploads\/2022\/07\/logo-piccolino.jpg","width":132,"height":126,"caption":"Malika"},"image":{"@id":"https:\/\/malikasurfcamp.com\/#\/schema\/logo\/image\/"}}]}},"_links":{"self":[{"href":"https:\/\/malikasurfcamp.com\/fr\/wp-json\/wp\/v2\/pages\/6672","targetHints":{"allow":["GET"]}}],"collection":[{"href":"https:\/\/malikasurfcamp.com\/fr\/wp-json\/wp\/v2\/pages"}],"about":[{"href":"https:\/\/malikasurfcamp.com\/fr\/wp-json\/wp\/v2\/types\/page"}],"author":[{"embeddable":true,"href":"https:\/\/malikasurfcamp.com\/fr\/wp-json\/wp\/v2\/users\/2"}],"replies":[{"embeddable":true,"href":"https:\/\/malikasurfcamp.com\/fr\/wp-json\/wp\/v2\/comments?post=6672"}],"version-history":[{"count":15,"href":"https:\/\/malikasurfcamp.com\/fr\/wp-json\/wp\/v2\/pages\/6672\/revisions"}],"predecessor-version":[{"id":8314,"href":"https:\/\/malikasurfcamp.com\/fr\/wp-json\/wp\/v2\/pages\/6672\/revisions\/8314"}],"wp:attachment":[{"href":"https:\/\/malikasurfcamp.com\/fr\/wp-json\/wp\/v2\/media?parent=6672"}],"curies":[{"name":"wp","href":"https:\/\/api.w.org\/{rel}","templated":true}]}}